{"id":355,"date":"2018-01-17T07:00:03","date_gmt":"2018-01-17T06:00:03","guid":{"rendered":"https:\/\/www.amicale-asnieres.fr\/?page_id=355"},"modified":"2022-11-29T11:33:27","modified_gmt":"2022-11-29T10:33:27","slug":"historique-ville-dasnieres","status":"publish","type":"page","link":"https:\/\/www.amicale-asnieres.fr\/?page_id=355","title":{"rendered":"Historique de la ville d&rsquo;Asni\u00e8res"},"content":{"rendered":"<p><a href=\"https:\/\/www.amicale-asnieres.fr\/wp-content\/uploads\/2014\/06\/Logo-Asnieres.jpg\" target=\"_blank\" rel=\"noopener\"><img loading=\"lazy\" decoding=\"async\" class=\"alignleft size-full wp-image-361\" src=\"https:\/\/www.amicale-asnieres.fr\/wp-content\/uploads\/2014\/06\/Logo-Asnieres.jpg\" alt=\"Logo Asnieres\" width=\"150\" height=\"190\" \/><\/a><\/p>\n<p style=\"text-align: justify;\"><span style=\"font-family: arial, helvetica, sans-serif; font-size: 14pt;\">La lointaine \u00e9tymologie d&rsquo;Asni\u00e8res est \u00ab\u00a0Asinaria\u00a0\u00bb. \u00c0 l&rsquo;\u00e9poque m\u00e9di\u00e9vale, ce lieu se pr\u00eatait \u00e0 l&rsquo;\u00e9levage des \u00e2nes, mais nous avons la preuve qu&rsquo;en des temps plus lointains, des hommes avaient choisi de vivre \u00e0 cet endroit. T\u00e9moin de la pr\u00e9histoire : le m\u00e9galithe de 5 tonnes exhum\u00e9 lors des travaux de construction du Centre Administratif et Social dans les ann\u00e9es 1930, et qui se trouve aujourd\u2019hui dans le square du Mar\u00e9chal Leclerc. La plus ancienne mention connue d&rsquo;Asni\u00e8res appara\u00eet en 1158 dans une bulle du pape Adrien IV, confirmant des droits sur la paroisse \u00e0 l&rsquo;\u00e9glise coll\u00e9giale parisienne de Saint-Marcel. Mais le territoire est peupl\u00e9 de plus longue date, \u00e0 en juger par les s\u00e9pultures et r\u00e9cipients d\u00e9couverts lors des travaux d&rsquo;aplanissement du parc d&rsquo;Argenson men\u00e9s par les terrassiers au XVIII<sup>e<\/sup> si\u00e8cle, ou bien lors du chantier d&rsquo;am\u00e9nagement du centre-ville en 1933. La seigneurie d&rsquo;Asni\u00e8res, impliquant le droit de haute justice, appartient d\u00e8s avant 1224 \u00e0 l&rsquo;abbaye de Saint-Denis. Jusqu&rsquo;\u00e0 la fin du XIII<sup>e<\/sup> si\u00e8cle, Gennevilliers d\u00e9pend de la paroisse d&rsquo;Asni\u00e8res, et s&rsquo;en s\u00e9pare en 1302. En 1460, la population d&rsquo;Asni\u00e8res, presque an\u00e9antie par la guerre de Cent Ans, n&rsquo;est que de cinq feux, soit environ vingt-cinq habitants. Le grand \u00e9v\u00e9nement de la Renaissance est en 1541 la d\u00e9dicace de l&rsquo;\u00e9glise Sainte-Genevi\u00e8ve par Jean Guillaume, \u00e9v\u00eaque de S\u00e9baste en Asie Mineure et abb\u00e9 du monast\u00e8re de Saint-S\u00e9bastien, par permission du cardinal Jean du Bellay, \u00e9v\u00eaque de Paris. Au XVII<sup>e<\/sup> si\u00e8cle, l&rsquo;habitante la plus c\u00e9l\u00e8bre du village est Anne de Gonzague de Cl\u00e8ves, princesse palatine.<\/span><\/p>\n<p style=\"text-align: justify;\"><span style=\"font-family: arial, helvetica, sans-serif; font-size: 14pt;\"><strong>Asni\u00e8res-Belle-\u00cele<\/strong><\/span><\/p>\n<p style=\"text-align: justify;\"><span style=\"font-family: arial, helvetica, sans-serif; font-size: 14pt;\">Ce n&rsquo;est qu&rsquo;au temps du Roi Soleil que l&rsquo;agglom\u00e9ration rurale se d\u00e9veloppe autour de l&rsquo;\u00c9glise Sainte-Genevi\u00e8ve. \u00c0 la fin du 17e si\u00e8cle, l&rsquo;abb\u00e9 Antoine Lemoyne, seigneur d&rsquo;Asni\u00e8res, d\u00e9cide d&#8217;embellir le nom de la commune par \u00ab\u00a0Asni\u00e8res-Belle-\u00cele\u00a0\u00bb. \u00ab\u00a0Des gens de bonne condition poss\u00e8dent ici de grandes maisons bourgeoises\u00a0\u00bb.\u2028En 1801, on d\u00e9nombre 326 habitants dans cette commune dont les terres m\u00e9diocres se pr\u00eatent surtout au labourage. Sa population est constitu\u00e9e, pour la majeure partie, de familles implant\u00e9es depuis des si\u00e8cles ; l&rsquo;obstacle que forme la Seine la maintient dans un bucolique et st\u00e9rile isolement.\u2028En 1826, le premier pont d&rsquo;Asni\u00e8res est jet\u00e9 sur le fleuve. La population asni\u00e9roise double dans les dix ann\u00e9es suivantes. Sous le r\u00e8gne de Louis-Philippe, en 1837, la cr\u00e9ation de la premi\u00e8re ligne de chemin de fer de France (Paris- Le Pecq) va accentuer cette \u00e9volution.<\/span><\/p>\n<p style=\"text-align: center;\">\r\n\t<div class=\"slideshow_container slideshow_container_style-light\" style=\"height: 600px; \" data-slideshow-id=\"1902\" data-style-name=\"style-light\" data-style-version=\"2.3.1\" >\r\n\r\n\t\t\t\t\t<div class=\"slideshow_loading_icon\"><\/div>\r\n\t\t\r\n\t\t<div class=\"slideshow_content\" style=\"display: none;\">\r\n\r\n\t\t\t<div class=\"slideshow_view\">\r\n\t\t\t\t<div class=\"slideshow_slide slideshow_slide_image\">\r\n\t\t\t\t\t\t\t\t\t\t\t<img src=\"https:\/\/www.amicale-asnieres.fr\/wp-content\/uploads\/2015\/11\/01-Rue-de-Nanterre.jpg\" alt=\"Rue de Nanterre\" width=\"800\" height=\"500\" \/>\r\n\t\t\t\t\t\t\t\t\t\t<div class=\"slideshow_description_box slideshow_transparent\">\r\n\t\t\t\t\t\t<div class=\"slideshow_title\">Rue de Nanterre<\/div>\t\t\t\t\t\t<div class=\"slideshow_description\">01<\/div>\t\t\t\t\t<\/div>\r\n\t\t\t\t<\/div>\r\n\r\n\t\t\t\t\t\t<div style=\"clear: both;\"><\/div><\/div><div class=\"slideshow_view\">\r\n\t\t\t\t<div class=\"slideshow_slide slideshow_slide_image\">\r\n\t\t\t\t\t\t\t\t\t\t\t<img src=\"https:\/\/www.amicale-asnieres.fr\/wp-content\/uploads\/2015\/11\/02-deux-Ponts.jpg\" alt=\"Les deux Ponts de chemin de fer\" width=\"800\" height=\"500\" \/>\r\n\t\t\t\t\t\t\t\t\t\t<div class=\"slideshow_description_box slideshow_transparent\">\r\n\t\t\t\t\t\t<div class=\"slideshow_title\">Les deux Ponts de chemin de fer<\/div>\t\t\t\t\t\t<div class=\"slideshow_description\">02<\/div>\t\t\t\t\t<\/div>\r\n\t\t\t\t<\/div>\r\n\r\n\t\t\t\t\t\t<div style=\"clear: both;\"><\/div><\/div><div class=\"slideshow_view\">\r\n\t\t\t\t<div class=\"slideshow_slide slideshow_slide_image\">\r\n\t\t\t\t\t\t\t\t\t\t\t<img src=\"https:\/\/www.amicale-asnieres.fr\/wp-content\/uploads\/2015\/11\/03-Asnieres-gare-vue-generale.jpg\" alt=\"Gare d'Asnieres,  vue g\u00e9n\u00e9rale\" width=\"800\" height=\"500\" \/>\r\n\t\t\t\t\t\t\t\t\t\t<div class=\"slideshow_description_box slideshow_transparent\">\r\n\t\t\t\t\t\t<div class=\"slideshow_title\">Gare d'Asnieres,  vue g\u00e9n\u00e9rale<\/div>\t\t\t\t\t\t<div class=\"slideshow_description\">03<\/div>\t\t\t\t\t<\/div>\r\n\t\t\t\t<\/div>\r\n\r\n\t\t\t\t\t\t<div style=\"clear: both;\"><\/div><\/div><div class=\"slideshow_view\">\r\n\t\t\t\t<div class=\"slideshow_slide slideshow_slide_image\">\r\n\t\t\t\t\t\t\t\t\t\t\t<img src=\"https:\/\/www.amicale-asnieres.fr\/wp-content\/uploads\/2015\/11\/04-gare1.jpg\" alt=\"Gare d'Asni\u00e8res\" width=\"800\" height=\"500\" \/>\r\n\t\t\t\t\t\t\t\t\t\t<div class=\"slideshow_description_box slideshow_transparent\">\r\n\t\t\t\t\t\t<div class=\"slideshow_title\">Gare d'Asni\u00e8res<\/div>\t\t\t\t\t\t<div class=\"slideshow_description\">04<\/div>\t\t\t\t\t<\/div>\r\n\t\t\t\t<\/div>\r\n\r\n\t\t\t\t\t\t<div style=\"clear: both;\"><\/div><\/div><div class=\"slideshow_view\">\r\n\t\t\t\t<div class=\"slideshow_slide slideshow_slide_image\">\r\n\t\t\t\t\t\t\t\t\t\t\t<img src=\"https:\/\/www.amicale-asnieres.fr\/wp-content\/uploads\/2015\/11\/05-Gare2.jpg\" alt=\"Gare d'Asni\u00e8res\" width=\"800\" height=\"500\" \/>\r\n\t\t\t\t\t\t\t\t\t\t<div class=\"slideshow_description_box slideshow_transparent\">\r\n\t\t\t\t\t\t<div class=\"slideshow_title\">Gare d'Asni\u00e8res<\/div>\t\t\t\t\t\t<div class=\"slideshow_description\">05<\/div>\t\t\t\t\t<\/div>\r\n\t\t\t\t<\/div>\r\n\r\n\t\t\t\t\t\t<div style=\"clear: both;\"><\/div><\/div><div class=\"slideshow_view\">\r\n\t\t\t\t<div class=\"slideshow_slide slideshow_slide_image\">\r\n\t\t\t\t\t\t\t\t\t\t\t<img src=\"https:\/\/www.amicale-asnieres.fr\/wp-content\/uploads\/2015\/11\/06-Gare3.jpg\" alt=\"Gare d'Asni\u00e8res aujourd'hui\" width=\"800\" height=\"500\" \/>\r\n\t\t\t\t\t\t\t\t\t\t<div class=\"slideshow_description_box slideshow_transparent\">\r\n\t\t\t\t\t\t<div class=\"slideshow_title\">Gare d'Asni\u00e8res aujourd'hui<\/div>\t\t\t\t\t\t<div class=\"slideshow_description\">06<\/div>\t\t\t\t\t<\/div>\r\n\t\t\t\t<\/div>\r\n\r\n\t\t\t\t\t\t<div style=\"clear: both;\"><\/div><\/div><div class=\"slideshow_view\">\r\n\t\t\t\t<div class=\"slideshow_slide slideshow_slide_image\">\r\n\t\t\t\t\t\t\t\t\t\t\t<img src=\"https:\/\/www.amicale-asnieres.fr\/wp-content\/uploads\/2015\/11\/07-Place-de-la-station.jpg\" alt=\"Place de la station\" width=\"800\" height=\"500\" \/>\r\n\t\t\t\t\t\t\t\t\t\t<div class=\"slideshow_description_box slideshow_transparent\">\r\n\t\t\t\t\t\t<div class=\"slideshow_title\">Place de la station<\/div>\t\t\t\t\t\t<div class=\"slideshow_description\">07<\/div>\t\t\t\t\t<\/div>\r\n\t\t\t\t<\/div>\r\n\r\n\t\t\t\t\t\t<div style=\"clear: both;\"><\/div><\/div><div class=\"slideshow_view\">\r\n\t\t\t\t<div class=\"slideshow_slide slideshow_slide_image\">\r\n\t\t\t\t\t\t\t\t\t\t\t<img src=\"https:\/\/www.amicale-asnieres.fr\/wp-content\/uploads\/2015\/11\/08-La-grande-rue.jpg\" alt=\"La grande rue\" width=\"800\" height=\"500\" \/>\r\n\t\t\t\t\t\t\t\t\t\t<div class=\"slideshow_description_box slideshow_transparent\">\r\n\t\t\t\t\t\t<div class=\"slideshow_title\">La grande rue<\/div>\t\t\t\t\t\t<div class=\"slideshow_description\">08<\/div>\t\t\t\t\t<\/div>\r\n\t\t\t\t<\/div>\r\n\r\n\t\t\t\t\t\t<div style=\"clear: both;\"><\/div><\/div><div class=\"slideshow_view\">\r\n\t\t\t\t<div class=\"slideshow_slide slideshow_slide_image\">\r\n\t\t\t\t\t\t\t\t\t\t\t<img src=\"https:\/\/www.amicale-asnieres.fr\/wp-content\/uploads\/2015\/11\/09-La-Mairie.jpg\" alt=\"La Mairie d'Asni\u00e8res\" width=\"800\" height=\"500\" \/>\r\n\t\t\t\t\t\t\t\t\t\t<div class=\"slideshow_description_box slideshow_transparent\">\r\n\t\t\t\t\t\t<div class=\"slideshow_title\">La Mairie d'Asni\u00e8res<\/div>\t\t\t\t\t\t<div class=\"slideshow_description\">09<\/div>\t\t\t\t\t<\/div>\r\n\t\t\t\t<\/div>\r\n\r\n\t\t\t\t\t\t<div style=\"clear: both;\"><\/div><\/div><div class=\"slideshow_view\">\r\n\t\t\t\t<div class=\"slideshow_slide slideshow_slide_image\">\r\n\t\t\t\t\t\t\t\t\t\t\t<img src=\"https:\/\/www.amicale-asnieres.fr\/wp-content\/uploads\/2015\/11\/10-La-Mairie2.jpg\" alt=\"La Mairie d'Asni\u00e8res aujourd'hui\" width=\"800\" height=\"500\" \/>\r\n\t\t\t\t\t\t\t\t\t\t<div class=\"slideshow_description_box slideshow_transparent\">\r\n\t\t\t\t\t\t<div class=\"slideshow_title\">La Mairie d'Asni\u00e8res aujourd'hui<\/div>\t\t\t\t\t\t<div class=\"slideshow_description\">10<\/div>\t\t\t\t\t<\/div>\r\n\t\t\t\t<\/div>\r\n\r\n\t\t\t\t\t\t<div style=\"clear: both;\"><\/div><\/div><div class=\"slideshow_view\">\r\n\t\t\t\t<div class=\"slideshow_slide slideshow_slide_image\">\r\n\t\t\t\t\t\t\t\t\t\t\t<img src=\"https:\/\/www.amicale-asnieres.fr\/wp-content\/uploads\/2015\/11\/11-Place-Voltaire.jpg\" alt=\"Place Voltaire\" width=\"800\" height=\"500\" \/>\r\n\t\t\t\t\t\t\t\t\t\t<div class=\"slideshow_description_box slideshow_transparent\">\r\n\t\t\t\t\t\t<div class=\"slideshow_title\">Place Voltaire<\/div>\t\t\t\t\t\t<div class=\"slideshow_description\">11<\/div>\t\t\t\t\t<\/div>\r\n\t\t\t\t<\/div>\r\n\r\n\t\t\t\t\t\t<div style=\"clear: both;\"><\/div><\/div><div class=\"slideshow_view\">\r\n\t\t\t\t<div class=\"slideshow_slide slideshow_slide_image\">\r\n\t\t\t\t\t\t\t\t\t\t\t<img src=\"https:\/\/www.amicale-asnieres.fr\/wp-content\/uploads\/2015\/11\/12-Le-quai.jpg\" alt=\"Le quai de Seine\" width=\"800\" height=\"509\" \/>\r\n\t\t\t\t\t\t\t\t\t\t<div class=\"slideshow_description_box slideshow_transparent\">\r\n\t\t\t\t\t\t<div class=\"slideshow_title\">Le quai de Seine<\/div>\t\t\t\t\t\t<div class=\"slideshow_description\">12<\/div>\t\t\t\t\t<\/div>\r\n\t\t\t\t<\/div>\r\n\r\n\t\t\t\t\t\t<div style=\"clear: both;\"><\/div><\/div><div class=\"slideshow_view\">\r\n\t\t\t\t<div class=\"slideshow_slide slideshow_slide_image\">\r\n\t\t\t\t\t\t\t\t\t\t\t<img src=\"https:\/\/www.amicale-asnieres.fr\/wp-content\/uploads\/2015\/11\/13-rue-Chateaudun-et-avenue-Argenreuil.jpg\" alt=\"La rue Ch\u00e2teaudun et l'avenue d'Argenreuil\" width=\"800\" height=\"500\" \/>\r\n\t\t\t\t\t\t\t\t\t\t<div class=\"slideshow_description_box slideshow_transparent\">\r\n\t\t\t\t\t\t<div class=\"slideshow_title\">La rue Ch\u00e2teaudun et l'avenue d'Argenreuil<\/div>\t\t\t\t\t\t<div class=\"slideshow_description\">13<\/div>\t\t\t\t\t<\/div>\r\n\t\t\t\t<\/div>\r\n\r\n\t\t\t\t\t\t<div style=\"clear: both;\"><\/div><\/div><div class=\"slideshow_view\">\r\n\t\t\t\t<div class=\"slideshow_slide slideshow_slide_image\">\r\n\t\t\t\t\t\t\t\t\t\t\t<img src=\"https:\/\/www.amicale-asnieres.fr\/wp-content\/uploads\/2015\/11\/14-Inondations-en-1910.jpg\" alt=\"L'inondations en 1910\" width=\"800\" height=\"500\" \/>\r\n\t\t\t\t\t\t\t\t\t\t<div class=\"slideshow_description_box slideshow_transparent\">\r\n\t\t\t\t\t\t<div class=\"slideshow_title\">L'inondations en 1910<\/div>\t\t\t\t\t\t<div class=\"slideshow_description\">14<\/div>\t\t\t\t\t<\/div>\r\n\t\t\t\t<\/div>\r\n\r\n\t\t\t\t\t\t<div style=\"clear: both;\"><\/div><\/div>\r\n\t\t<\/div>\r\n\r\n\t\t<div class=\"slideshow_controlPanel slideshow_transparent\" style=\"display: none;\"><ul><li class=\"slideshow_togglePlay\" data-play-text=\"Play\" data-pause-text=\"Pause\"><\/li><\/ul><\/div>\r\n\r\n\t\t<div class=\"slideshow_button slideshow_previous slideshow_transparent\" role=\"button\" data-previous-text=\"Pr\u00e9c\u00e9dent\" style=\"display: none;\"><\/div>\r\n\t\t<div class=\"slideshow_button slideshow_next slideshow_transparent\" role=\"button\" data-next-text=\"Suivant\" style=\"display: none;\"><\/div>\r\n\r\n\t\t<div class=\"slideshow_pagination\" style=\"display: none;\" data-go-to-text=\"Go to slide\"><div class=\"slideshow_pagination_center\"><\/div><\/div>\r\n\r\n\t\t<!-- WordPress Slideshow Version 2.3.1 -->\r\n\r\n\t\t\t<\/div>\r\n\r\n<\/p>\n<p style=\"text-align: justify;\"><span style=\"font-family: arial, helvetica, sans-serif; font-size: 14pt;\"><strong>Van Gogh, Signac, Seurat\u2026<\/strong><\/span><\/p>\n<p style=\"text-align: justify;\"><span style=\"font-family: arial, helvetica, sans-serif; font-size: 14pt;\">\u00c0 partir de 1850 Asni\u00e8res devient l\u2019un des lieux d\u2019animation privil\u00e9gi\u00e9s des parisiens.\u2028Le ch\u00e2teau d\u2019Asni\u00e8res est devenu un restaurant \u00e0 la mode et des f\u00eates splendides sont donn\u00e9es dans son parc. \u00c0 cette \u00e9poque, Asni\u00e8res est \u00e9galement le port de pr\u00e9dilection des canotiers et des r\u00e9gates. En 1891, Asni\u00e8res compte 19 575 habitants. L\u2019\u00e9volution de l\u2019habitat a eu lieu essentiellement autour de l\u2019ancien village, dans les alentours de la gare et du quartier avoisinant la rue Lehot. De nombreux artistes choisissent notre ville comme lieu de r\u00e9sidence ou d\u2019inspiration. C\u2019est le cas de peintres illustres tels que Van Gogh, \u00c9mile Bernard, Paul Signac ou Seurat (voir le tableau offert aux allemands pour la f\u00eate de l\u2019Europe \u00ab Le Pont d\u2019Asni\u00e8res \u00bb, Mus\u00e9e d\u2019Orsay).<\/span><\/p>\n<figure id=\"attachment_369\" aria-describedby=\"caption-attachment-369\" style=\"width: 500px\" class=\"wp-caption aligncenter\"><a href=\"https:\/\/www.amicale-asnieres.fr\/wp-content\/uploads\/2014\/06\/Peinture.jpg\" target=\"_blank\" rel=\"noopener\"><img loading=\"lazy\" decoding=\"async\" class=\"size-full wp-image-369\" src=\"https:\/\/www.amicale-asnieres.fr\/wp-content\/uploads\/2014\/06\/Peinture.jpg\" alt=\"Pont d'Asni\u00e8res peint par Van Gogh\" width=\"500\" height=\"371\" srcset=\"https:\/\/www.amicale-asnieres.fr\/wp-content\/uploads\/2014\/06\/Peinture.jpg 500w, https:\/\/www.amicale-asnieres.fr\/wp-content\/uploads\/2014\/06\/Peinture-300x222.jpg 300w\" sizes=\"auto, (max-width: 500px) 100vw, 500px\" \/><\/a><figcaption id=\"caption-attachment-369\" class=\"wp-caption-text\"><span style=\"font-family: arial, helvetica, sans-serif; font-size: 12pt;\"><em><strong>Pont d&rsquo;Asni\u00e8res peint par Van Gogh en 1886<\/strong><\/em><\/span><\/figcaption><\/figure>\n<p style=\"text-align: justify;\"><strong>I<span style=\"font-family: arial, helvetica, sans-serif; font-size: 14pt;\">nauguration de l\u2019H\u00f4tel de Ville le 15 octobre 1899<\/span><\/strong><\/p>\n<p style=\"text-align: justify;\"><span style=\"font-family: arial, helvetica, sans-serif; font-size: 14pt;\">Le Nord de la ville \u00e9chappe encore au d\u00e9veloppement. Il est occup\u00e9 par les chiffonniers. \u00c0 l\u2019Est de la ville au lieu-dit \u00ab\u00a0Les Cab\u0153ufs\u00a0\u00bb il existe un jardin exp\u00e9rimental dit \u00ab\u00a0jardin mod\u00e8le\u00a0\u00bb pour la culture par les eaux d\u2019\u00e9gout.\u2028Dix ans plus tard, l\u2019agriculture ne repr\u00e9sente plus que 10 hectares de la surface totale de la ville. On d\u00e9nombre une dizaine d\u2019industries n\u00e9es essentiellement dans la seconde moiti\u00e9 du 19e si\u00e8cle. Parmi celles-ci citons la fabrique d\u2019articles de voyage de Louis Vuitton, \u00e9tablie rue du Congr\u00e8s en 1860. La population est pass\u00e9e de 514 habitants en 1831 \u00e0 11 352 en 1881.La ville est devenue tr\u00e8s active, des tramways sillonnent la cit\u00e9. Le 10 octobre 1897 a lieu la pose de la premi\u00e8re pierre de l\u2019H\u00f4tel de Ville, construit sur les plans de l\u2019architecte Emmanuel Garnier.\u2028L\u2019inauguration officielle se d\u00e9roule avec \u00e9clat le 15 octobre 1899.\u2028\u00c0 la fin de l&rsquo;\u00e9t\u00e9 1899 a eu lieu l\u2019ouverture du Cimeti\u00e8re des chiens, sur l\u2019\u00cele des Ravageurs. En 1901, la population asni\u00e9roise s\u2019\u00e9l\u00e8ve \u00e0 31 336 personnes. En 1911, elle atteint 42 583 habitants. Tr\u00e8s peu de communes ont offert l&rsquo;exemple d&rsquo;un aussi tardif et rapide accroissement d\u00e9mographique.<\/span><\/p>\n<p style=\"text-align: justify;\"><span style=\"font-family: arial, helvetica, sans-serif; font-size: 14pt;\">L&rsquo;urbanisation de la ville s&rsquo;acc\u00e9l\u00e8re consid\u00e9rablement jusqu&rsquo;\u00e0 la fin de la Premi\u00e8re Guerre mondiale. Une seconde pouss\u00e9e d\u00e9mographique intervient durant l&rsquo;entre-deux-guerres, li\u00e9e au d\u00e9veloppement de la banlieue.<\/span><\/p>\n<p style=\"text-align: justify;\"><span style=\"font-family: arial, helvetica, sans-serif; font-size: 14pt;\"><strong>La Ville compte aujourd\u2019hui plus de 80 000 habitants<\/strong><\/span><\/p>\n<p style=\"text-align: justify;\"><span style=\"font-family: arial, helvetica, sans-serif; font-size: 14pt;\">Le nom contemporain \u00ab\u00a0Asni\u00e8res-sur-Seine\u00a0\u00bb a \u00e9t\u00e9 d\u00e9cid\u00e9 par le Conseil municipal, le 1er d\u00e9cembre 1918, \u00e0 la suite d&rsquo;une circulaire pr\u00e9fectorale visant \u00e0 \u00ab\u00a0l&rsquo;\u00e9tude d&rsquo;un nom compl\u00e9mentaire aux localit\u00e9s de m\u00eame nom\u00a0\u00bb. Mis en application \u00e0 la suite d\u2019une d\u00e9lib\u00e9ration du Conseil municipal du 27 juin 1966 et du d\u00e9cret minist\u00e9riel du 9 f\u00e9vrier 1968 ; il y a en effet, en France, 13 communes d\u00e9nomm\u00e9es Asni\u00e8res. Le 28 f\u00e9vrier 1945, Jacques Rehault dit \u00ab\u00a0Jacquin\u00a0\u00bb, Pr\u00e9sident du comit\u00e9 local de lib\u00e9ration qui administre la commune et fait fonction de Maire re\u00e7oit en visite officielle le G\u00e9n\u00e9ral de Gaulle qui prononce un discours du balcon de l\u2019H\u00f4tel de Ville.\u2028En 1946, la population d\u2019Asni\u00e8res atteint 72 273 habitants ; elle est aujourd&rsquo;hui de 87 350 habitants.<\/span><\/p>\n<h4><a href=\"http:\/\/www.asnieres-sur-seine.fr\" target=\"_blank\" rel=\"noopener\"><img loading=\"lazy\" decoding=\"async\" class=\"aligncenter wp-image-3860\" src=\"https:\/\/www.amicale-asnieres.fr\/wp-content\/uploads\/2015\/12\/Logo-Asni\u00e8res-sur-Seine.png\" alt=\"\" width=\"1000\" height=\"122\" srcset=\"https:\/\/www.amicale-asnieres.fr\/wp-content\/uploads\/2015\/12\/Logo-Asni\u00e8res-sur-Seine.png 499w, https:\/\/www.amicale-asnieres.fr\/wp-content\/uploads\/2015\/12\/Logo-Asni\u00e8res-sur-Seine-300x37.png 300w\" sizes=\"auto, (max-width: 1000px) 100vw, 1000px\" \/><\/a><\/h4>\n","protected":false},"excerpt":{"rendered":"<p>La lointaine \u00e9tymologie d&rsquo;Asni\u00e8res est \u00ab\u00a0Asinaria\u00a0\u00bb. \u00c0 l&rsquo;\u00e9poque m\u00e9di\u00e9vale, ce lieu se pr\u00eatait \u00e0 l&rsquo;\u00e9levage des \u00e2nes, mais nous avons la preuve qu&rsquo;en des temps plus lointains, des hommes avaient choisi de vivre \u00e0 cet endroit. T\u00e9moin de la pr\u00e9histoire : le m\u00e9galithe de 5 tonnes exhum\u00e9 lors des travaux de construction du Centre Administratif [&hellip;]<\/p>\n","protected":false},"author":1,"featured_media":0,"parent":0,"menu_order":0,"comment_status":"closed","ping_status":"closed","template":"","meta":{"footnotes":""},"class_list":["post-355","page","type-page","status-publish","hentry"],"_links":{"self":[{"href":"https:\/\/www.amicale-asnieres.fr\/index.php?rest_route=\/wp\/v2\/pages\/355","targetHints":{"allow":["GET"]}}],"collection":[{"href":"https:\/\/www.amicale-asnieres.fr\/index.php?rest_route=\/wp\/v2\/pages"}],"about":[{"href":"https:\/\/www.amicale-asnieres.fr\/index.php?rest_route=\/wp\/v2\/types\/page"}],"author":[{"embeddable":true,"href":"https:\/\/www.amicale-asnieres.fr\/index.php?rest_route=\/wp\/v2\/users\/1"}],"replies":[{"embeddable":true,"href":"https:\/\/www.amicale-asnieres.fr\/index.php?rest_route=%2Fwp%2Fv2%2Fcomments&post=355"}],"version-history":[{"count":20,"href":"https:\/\/www.amicale-asnieres.fr\/index.php?rest_route=\/wp\/v2\/pages\/355\/revisions"}],"predecessor-version":[{"id":10067,"href":"https:\/\/www.amicale-asnieres.fr\/index.php?rest_route=\/wp\/v2\/pages\/355\/revisions\/10067"}],"wp:attachment":[{"href":"https:\/\/www.amicale-asnieres.fr\/index.php?rest_route=%2Fwp%2Fv2%2Fmedia&parent=355"}],"curies":[{"name":"wp","href":"https:\/\/api.w.org\/{rel}","templated":true}]}}