{"id":221,"date":"2018-02-12T07:00:16","date_gmt":"2018-02-12T06:00:16","guid":{"rendered":"https:\/\/www.amicale-asnieres.fr\/?page_id=221"},"modified":"2025-11-19T10:55:04","modified_gmt":"2025-11-19T09:55:04","slug":"historique","status":"publish","type":"page","link":"https:\/\/www.amicale-asnieres.fr\/?page_id=221","title":{"rendered":"Historique Amicale Asni\u00e8res"},"content":{"rendered":"<p style=\"text-align: left;\"><span style=\"font-size: 14pt; font-family: arial, helvetica, sans-serif;\">L&rsquo;Asni\u00e9rois Victor LELONG encore potache dans l&rsquo;Institut D\u00e9partemental des <\/span><span style=\"font-size: 14pt; font-family: arial, helvetica, sans-serif;\">Sourds-muets \u00e0 Asni\u00e8res r\u00eavait de cr\u00e9er un groupement de sourds \u00e0 l&rsquo;\u00e9cole. C&rsquo;\u00e9tait en 1910-1911, il r\u00e9unit quelques amis sportifs dans un caf\u00e9 au 1 rue\u00a0<\/span><span style=\"font-size: 14pt; font-family: arial, helvetica, sans-serif;\">Perrault pr\u00e8s de l&rsquo;\u00e9glise de Saint-Germain l&rsquo;Auxerrois \u00e0 Paris 1<sup>er<\/sup>. Leur but est de procurer la joie de vivre aux jeunes d\u00e9sh\u00e9rit\u00e9s de l&rsquo;ou\u00efe et de la parole, d\u00e9class\u00e9s socialement par la pratique saine du sport en plein air. C&rsquo;est le 18 octobre 1911 que le comit\u00e9 a fond\u00e9 le Club Sportif des Sourds-muets pr\u00e9sid\u00e9 par Monsieur Charles VESPIERRE. C&rsquo;\u00e9tait la premi\u00e8re soci\u00e9t\u00e9 sportive des sourds-muets en France. Par la suite, on en cr\u00e9e d\u2019autres \u00e0 Bordeaux, Lyon, Strasbourg, Lille, \u00c9toile de Paris, etc.. D\u00e8s 1917, une dizaine de soci\u00e9t\u00e9s sportives des sourds fut d\u00e9j\u00e0 fond\u00e9e dans les 4 coins de la France.<\/span><\/p>\n<p style=\"text-align: center;\">\r\n\t<div class=\"slideshow_container slideshow_container_style-light\" style=\"height: 600px; \" data-slideshow-id=\"1873\" data-style-name=\"style-light\" data-style-version=\"2.3.1\" >\r\n\r\n\t\t\t\t\t<div class=\"slideshow_loading_icon\"><\/div>\r\n\t\t\r\n\t\t<div class=\"slideshow_content\" style=\"display: none;\">\r\n\r\n\t\t\t<div class=\"slideshow_view\">\r\n\t\t\t\t<div class=\"slideshow_slide slideshow_slide_image\">\r\n\t\t\t\t\t\t\t\t\t\t\t<img src=\"https:\/\/www.amicale-asnieres.fr\/wp-content\/uploads\/2015\/11\/Amicale-01.jpg\" alt=\"M. Charles Vespierre, le premier Pr\u00e9sident de la Fraternelle d'Asni\u00e8res en 1913\" width=\"500\" height=\"800\" \/>\r\n\t\t\t\t\t\t\t\t\t\t<div class=\"slideshow_description_box slideshow_transparent\">\r\n\t\t\t\t\t\t<div class=\"slideshow_title\">M. Charles Vespierre, le premier Pr\u00e9sident de la Fraternelle d'Asni\u00e8res en 1913<\/div>\t\t\t\t\t\t<div class=\"slideshow_description\">01<\/div>\t\t\t\t\t<\/div>\r\n\t\t\t\t<\/div>\r\n\r\n\t\t\t\t\t\t<div style=\"clear: both;\"><\/div><\/div><div class=\"slideshow_view\">\r\n\t\t\t\t<div class=\"slideshow_slide slideshow_slide_image\">\r\n\t\t\t\t\t\t\t\t\t\t\t<img src=\"https:\/\/www.amicale-asnieres.fr\/wp-content\/uploads\/2015\/11\/Amicale-03.jpg\" alt=\"Les membres du Conseil d'administration de la Fraternelle en 1914\" width=\"800\" height=\"500\" \/>\r\n\t\t\t\t\t\t\t\t\t\t<div class=\"slideshow_description_box slideshow_transparent\">\r\n\t\t\t\t\t\t<div class=\"slideshow_title\">Les membres du Conseil d'administration de la Fraternelle en 1914<\/div>\t\t\t\t\t\t\t\t\t\t\t<\/div>\r\n\t\t\t\t<\/div>\r\n\r\n\t\t\t\t\t\t<div style=\"clear: both;\"><\/div><\/div><div class=\"slideshow_view\">\r\n\t\t\t\t<div class=\"slideshow_slide slideshow_slide_image\">\r\n\t\t\t\t\t\t\t\t\t\t\t<img src=\"https:\/\/www.amicale-asnieres.fr\/wp-content\/uploads\/2015\/11\/Amicale-02.jpg\" alt=\"Les membre du Conseil d'administration de la Fraternelle d'Asni\u00e8res en 1920\" width=\"800\" height=\"500\" \/>\r\n\t\t\t\t\t\t\t\t\t\t<div class=\"slideshow_description_box slideshow_transparent\">\r\n\t\t\t\t\t\t<div class=\"slideshow_title\">Les membre du Conseil d'administration de la Fraternelle d'Asni\u00e8res en 1920<\/div>\t\t\t\t\t\t<div class=\"slideshow_description\">02<\/div>\t\t\t\t\t<\/div>\r\n\t\t\t\t<\/div>\r\n\r\n\t\t\t\t\t\t<div style=\"clear: both;\"><\/div><\/div><div class=\"slideshow_view\">\r\n\t\t\t\t<div class=\"slideshow_slide slideshow_slide_image\">\r\n\t\t\t\t\t\t\t\t\t\t\t<img src=\"https:\/\/www.amicale-asnieres.fr\/wp-content\/uploads\/2015\/11\/IDGB-061.jpg\" alt=\"C\u00e9m\u00e9moration de M. Gustave Baguer en 1920\" width=\"800\" height=\"500\" \/>\r\n\t\t\t\t\t\t\t\t\t\t<div class=\"slideshow_description_box slideshow_transparent\">\r\n\t\t\t\t\t\t<div class=\"slideshow_title\">C\u00e9m\u00e9moration de M. Gustave Baguer en 1920<\/div>\t\t\t\t\t\t<div class=\"slideshow_description\">04<\/div>\t\t\t\t\t<\/div>\r\n\t\t\t\t<\/div>\r\n\r\n\t\t\t\t\t\t<div style=\"clear: both;\"><\/div><\/div><div class=\"slideshow_view\">\r\n\t\t\t\t<div class=\"slideshow_slide slideshow_slide_image\">\r\n\t\t\t\t\t\t\t\t\t\t\t<img src=\"https:\/\/www.amicale-asnieres.fr\/wp-content\/uploads\/2015\/11\/Amicale-05.jpg\" alt=\"Le buste de M. Gustave Baguer offert par les anciens \u00e9l\u00e8ves de l'institut en 1920\" width=\"500\" height=\"800\" \/>\r\n\t\t\t\t\t\t\t\t\t\t<div class=\"slideshow_description_box slideshow_transparent\">\r\n\t\t\t\t\t\t<div class=\"slideshow_title\">Le buste de M. Gustave Baguer offert par les anciens \u00e9l\u00e8ves de l'institut en 1920<\/div>\t\t\t\t\t\t<div class=\"slideshow_description\">05<\/div>\t\t\t\t\t<\/div>\r\n\t\t\t\t<\/div>\r\n\r\n\t\t\t\t\t\t<div style=\"clear: both;\"><\/div><\/div><div class=\"slideshow_view\">\r\n\t\t\t\t<div class=\"slideshow_slide slideshow_slide_image\">\r\n\t\t\t\t\t\t\t\t\t\t\t<img src=\"https:\/\/www.amicale-asnieres.fr\/wp-content\/uploads\/2015\/11\/Amicale-06.jpg\" alt=\"Les membres du Conseil d'administration de la Fraternelle d'Asni\u00e8res en 1922\" width=\"800\" height=\"500\" \/>\r\n\t\t\t\t\t\t\t\t\t\t<div class=\"slideshow_description_box slideshow_transparent\">\r\n\t\t\t\t\t\t<div class=\"slideshow_title\">Les membres du Conseil d'administration de la Fraternelle d'Asni\u00e8res en 1922<\/div>\t\t\t\t\t\t<div class=\"slideshow_description\">06<\/div>\t\t\t\t\t<\/div>\r\n\t\t\t\t<\/div>\r\n\r\n\t\t\t\t\t\t<div style=\"clear: both;\"><\/div><\/div><div class=\"slideshow_view\">\r\n\t\t\t\t<div class=\"slideshow_slide slideshow_slide_image\">\r\n\t\t\t\t\t\t\t\t\t\t\t<img src=\"https:\/\/www.amicale-asnieres.fr\/wp-content\/uploads\/2015\/11\/Amicale-07.jpg\" alt=\"Banquet du 20e anniversaire de la Fraternelle d'Asni\u00e8res en 1933\" width=\"800\" height=\"500\" \/>\r\n\t\t\t\t\t\t\t\t\t\t<div class=\"slideshow_description_box slideshow_transparent\">\r\n\t\t\t\t\t\t<div class=\"slideshow_title\">Banquet du 20e anniversaire de la Fraternelle d'Asni\u00e8res en 1933<\/div>\t\t\t\t\t\t<div class=\"slideshow_description\">07<\/div>\t\t\t\t\t<\/div>\r\n\t\t\t\t<\/div>\r\n\r\n\t\t\t\t\t\t<div style=\"clear: both;\"><\/div><\/div><div class=\"slideshow_view\">\r\n\t\t\t\t<div class=\"slideshow_slide slideshow_slide_image\">\r\n\t\t\t\t\t\t\t\t\t\t\t<img src=\"https:\/\/www.amicale-asnieres.fr\/wp-content\/uploads\/2015\/11\/Amicale-08.jpg\" alt=\"Banquet du 20e anniversaire de la Fraternelle d'Asni\u00e8res en 1933\" width=\"800\" height=\"500\" \/>\r\n\t\t\t\t\t\t\t\t\t\t<div class=\"slideshow_description_box slideshow_transparent\">\r\n\t\t\t\t\t\t<div class=\"slideshow_title\">Banquet du 20e anniversaire de la Fraternelle d'Asni\u00e8res en 1933<\/div>\t\t\t\t\t\t<div class=\"slideshow_description\">08<\/div>\t\t\t\t\t<\/div>\r\n\t\t\t\t<\/div>\r\n\r\n\t\t\t\t\t\t<div style=\"clear: both;\"><\/div><\/div><div class=\"slideshow_view\">\r\n\t\t\t\t<div class=\"slideshow_slide slideshow_slide_image\">\r\n\t\t\t\t\t\t\t\t\t\t\t<img src=\"https:\/\/www.amicale-asnieres.fr\/wp-content\/uploads\/2015\/11\/Amicale-09.jpg\" alt=\"Assembl\u00e9e g\u00e9n\u00e9rale de la Fraternelle d'Asni\u00e8res en 1937\" width=\"800\" height=\"500\" \/>\r\n\t\t\t\t\t\t\t\t\t\t<div class=\"slideshow_description_box slideshow_transparent\">\r\n\t\t\t\t\t\t<div class=\"slideshow_title\">Assembl\u00e9e g\u00e9n\u00e9rale de la Fraternelle d'Asni\u00e8res en 1937<\/div>\t\t\t\t\t\t<div class=\"slideshow_description\">09<\/div>\t\t\t\t\t<\/div>\r\n\t\t\t\t<\/div>\r\n\r\n\t\t\t\t\t\t<div style=\"clear: both;\"><\/div><\/div><div class=\"slideshow_view\">\r\n\t\t\t\t<div class=\"slideshow_slide slideshow_slide_image\">\r\n\t\t\t\t\t\t\t\t\t\t\t<img src=\"https:\/\/www.amicale-asnieres.fr\/wp-content\/uploads\/2015\/11\/Amicale-10.jpg\" alt=\"Les membres du Conseil d'administration de la Fraternelle d'Asni\u00e8res en 1937\" width=\"800\" height=\"500\" \/>\r\n\t\t\t\t\t\t\t\t\t\t<div class=\"slideshow_description_box slideshow_transparent\">\r\n\t\t\t\t\t\t<div class=\"slideshow_title\">Les membres du Conseil d'administration de la Fraternelle d'Asni\u00e8res en 1937<\/div>\t\t\t\t\t\t<div class=\"slideshow_description\">10<\/div>\t\t\t\t\t<\/div>\r\n\t\t\t\t<\/div>\r\n\r\n\t\t\t\t\t\t<div style=\"clear: both;\"><\/div><\/div><div class=\"slideshow_view\">\r\n\t\t\t\t<div class=\"slideshow_slide slideshow_slide_image\">\r\n\t\t\t\t\t\t\t\t\t\t\t<img src=\"https:\/\/www.amicale-asnieres.fr\/wp-content\/uploads\/2015\/11\/Amicale-11.jpg\" alt=\"Les membres du Conseil d'administration de l'Amicale d'Asni\u00e8res en 1983\" width=\"800\" height=\"500\" \/>\r\n\t\t\t\t\t\t\t\t\t\t<div class=\"slideshow_description_box slideshow_transparent\">\r\n\t\t\t\t\t\t<div class=\"slideshow_title\">Les membres du Conseil d'administration de l'Amicale d'Asni\u00e8res en 1983<\/div>\t\t\t\t\t\t<div class=\"slideshow_description\">11<\/div>\t\t\t\t\t<\/div>\r\n\t\t\t\t<\/div>\r\n\r\n\t\t\t\t\t\t<div style=\"clear: both;\"><\/div><\/div><div class=\"slideshow_view\">\r\n\t\t\t\t<div class=\"slideshow_slide slideshow_slide_image\">\r\n\t\t\t\t\t\t\t\t\t\t\t<img src=\"https:\/\/www.amicale-asnieres.fr\/wp-content\/uploads\/2015\/11\/Amicale-12.jpg\" alt=\"Les bulletins\" width=\"800\" height=\"500\" \/>\r\n\t\t\t\t\t\t\t\t\t\t<div class=\"slideshow_description_box slideshow_transparent\">\r\n\t\t\t\t\t\t<div class=\"slideshow_title\">Les bulletins<\/div>\t\t\t\t\t\t<div class=\"slideshow_description\">12<\/div>\t\t\t\t\t<\/div>\r\n\t\t\t\t<\/div>\r\n\r\n\t\t\t\t\t\t<div style=\"clear: both;\"><\/div><\/div>\r\n\t\t<\/div>\r\n\r\n\t\t<div class=\"slideshow_controlPanel slideshow_transparent\" style=\"display: none;\"><ul><li class=\"slideshow_togglePlay\" data-play-text=\"Play\" data-pause-text=\"Pause\"><\/li><\/ul><\/div>\r\n\r\n\t\t<div class=\"slideshow_button slideshow_previous slideshow_transparent\" role=\"button\" data-previous-text=\"Pr\u00e9c\u00e9dent\" style=\"display: none;\"><\/div>\r\n\t\t<div class=\"slideshow_button slideshow_next slideshow_transparent\" role=\"button\" data-next-text=\"Suivant\" style=\"display: none;\"><\/div>\r\n\r\n\t\t<div class=\"slideshow_pagination\" style=\"display: none;\" data-go-to-text=\"Go to slide\"><div class=\"slideshow_pagination_center\"><\/div><\/div>\r\n\r\n\t\t<!-- WordPress Slideshow Version 2.3.1 -->\r\n\r\n\t\t\t<\/div>\r\n\r\n<\/p>\n<p style=\"text-align: justify;\"><span style=\"font-size: 14pt; font-family: arial, helvetica, sans-serif;\">C&rsquo;est le 12 octobre 1913 que Madame SCHERTZER, apr\u00e8s avoir consult\u00e9 Monsieur Gustave BAGUER, quelques jours auparavant en compagnie d&rsquo;une pl\u00e9iade d&rsquo;anciens \u00e9l\u00e8ves, mit en place la premi\u00e8re r\u00e9union, c&rsquo;est-\u00e0-dire une r\u00e9union constitutive, qui eut lieu dans le gymnase de l&rsquo;Institut d&rsquo;Asni\u00e8res mis gracieusement \u00e0 leur disposition. Le premier bureau fut \u00e9lu avec comme Pr\u00e9sident Monsieur Charles VESPIERRE. La soci\u00e9t\u00e9 fut nomm\u00e9e \u00ab\u00a0 LA FRATERNELLE \u00a0\u00bb et comptait d\u00e9j\u00e0 80 membres actifs.<\/span><\/p>\n<p style=\"text-align: justify;\"><span style=\"font-size: 14pt; font-family: arial, helvetica, sans-serif;\">En f\u00e9vrier 1915, Monsieur MARECHAL fait ses d\u00e9buts \u00e0 la Pr\u00e9sidence, transformant la soci\u00e9t\u00e9 en soci\u00e9t\u00e9 de secours mutuel. Elle est d\u00e9clar\u00e9e officiellement \u00e0 la pr\u00e9fecture de police. Le si\u00e8ge social de la soci\u00e9t\u00e9 qui \u00e9tait fix\u00e9 au num\u00e9ro 61 de la rue de Nanterre est transf\u00e9r\u00e9 \u00e0 l&rsquo;Institut d&rsquo;Asni\u00e8res. C\u2019est la naissance de la premi\u00e8re \u00e9dition du bulletin de la Fraternelle d&rsquo;Asni\u00e8res en 1917.<\/span><\/p>\n<p style=\"text-align: justify;\"><span style=\"font-size: 14pt; font-family: arial, helvetica, sans-serif;\">Le 27 janvier 1919\u00a0: grand deuil pour la Fraternelle, Monsieur Gustave BAGUER meurt. Un comit\u00e9 est form\u00e9 pour recueillir les fonds n\u00e9cessaires \u00e0 l&rsquo;\u00e9rection d&rsquo;un buste de BAGUER.<\/span><\/p>\n<p style=\"text-align: justify;\"><span style=\"font-size: 14pt; font-family: arial, helvetica, sans-serif;\">Le 17 juin 1920\u00a0: inauguration du buste Gustave BAGUER, sous la pr\u00e9sidence de Monsieur L\u00e9on BOURGEOIS, Pr\u00e9sident du S\u00e9nat. Le succ\u00e8s remport\u00e9 par cette importante c\u00e9r\u00e9monie qui attira une foule consid\u00e9rable dans la cour de l&rsquo;Institut d&rsquo;Asni\u00e8res, tant sourds-muets qu&rsquo;entendants parlants, administrateurs de l&rsquo;oeuvre de Gustave BAGUER.<\/span><\/p>\n<p style=\"text-align: justify;\"><span style=\"font-size: 14pt; font-family: arial, helvetica, sans-serif;\">Le 24 octobre 1920, la soci\u00e9t\u00e9 \u00ab\u00a0La Fraternelle\u00a0\u00bb donne son premier banquet \u00e0 Asni\u00e8res, \u00e0 20 Frs par t\u00eate et malgr\u00e9 ce prix \u00e9lev\u00e9 pour l&rsquo;\u00e9poque, pr\u00e8s de 80 convives \u00e9taient attabl\u00e9s. Le 19 mars 1922, la soci\u00e9t\u00e9 donne son premier bal de nuit.<\/span><\/p>\n<p style=\"text-align: justify;\"><span style=\"font-size: 14pt; font-family: arial, helvetica, sans-serif;\">Le 20 octobre 1924, la soci\u00e9t\u00e9 f\u00eate son dixi\u00e8me anniversaire par un banquet. Des dipl\u00f4mes sont remis aux soci\u00e9taires ayant 10 ans de pr\u00e9sence.<\/span><\/p>\n<p style=\"text-align: justify;\"><span style=\"font-size: 14pt; font-family: arial, helvetica, sans-serif;\">Monsieur Roger MONIN est nomm\u00e9 Vice-pr\u00e9sident en1937, puis est \u00e9lu Pr\u00e9sident de \u00ab\u00a0la Fraternelle \u00ab\u00a0de 1947 \u00e0 1949. En 1954, l&rsquo;Assembl\u00e9e g\u00e9n\u00e9rale de\u00a0\u00bb la Fraternelle\u00a0\u00bb a adopt\u00e9 le changement de titre et devient Amicale Asni\u00e8res, pr\u00e9sid\u00e9e par Monsieur Roger MONIN jusqu&rsquo;\u00e0 1971. Depuis, plusieurs Pr\u00e9sidents se sont succ\u00e9d\u00e9 jusqu&rsquo;\u00e0 aujourd&rsquo;hui. Actuellement, environ 500 membres actifs et honoraires participent aux activit\u00e9s de l&rsquo;association.<\/span><\/p>\n<p style=\"text-align: justify;\"><span style=\"font-size: 14pt; font-family: arial, helvetica, sans-serif;\">Apr\u00e8s la d\u00e9molition de l\u2019Institut Gustave Baguer en l\u2019an 2001, L\u2019amicale Asni\u00e8res continue \u00e0 organiser ses activit\u00e9s et ses r\u00e9unions, gr\u00e2ce aux pr\u00eats de salles par la Mairie d\u2019Asni\u00e8res. Apr\u00e8s la reconstruction et l\u2019ouverture de l\u2019\u00e9tablissement au 1er f\u00e9vrier 2006, l\u2019association retrouve son local au 35 rue de Nanterre.<\/span><\/p>\n<p><a href=\"https:\/\/www.amicale-asnieres.fr\/wp-content\/uploads\/2025\/11\/Les-Presidents-de-1913-a-nos-jours.pdf\" target=\"_blank\" rel=\"noopener\"><img loading=\"lazy\" decoding=\"async\" class=\"aligncenter\" src=\"https:\/\/www.amicale-asnieres.fr\/wp-content\/uploads\/2025\/11\/Les-presidents-scaled.png\" alt=\"\" width=\"1000\" height=\"1417\" \/><\/a><\/p>\n\n","protected":false},"excerpt":{"rendered":"<p>L&rsquo;Asni\u00e9rois Victor LELONG encore potache dans l&rsquo;Institut D\u00e9partemental des Sourds-muets \u00e0 Asni\u00e8res r\u00eavait de cr\u00e9er un groupement de sourds \u00e0 l&rsquo;\u00e9cole. C&rsquo;\u00e9tait en 1910-1911, il r\u00e9unit quelques amis sportifs dans un caf\u00e9 au 1 rue\u00a0Perrault pr\u00e8s de l&rsquo;\u00e9glise de Saint-Germain l&rsquo;Auxerrois \u00e0 Paris 1er. Leur but est de procurer la joie de vivre aux jeunes [&hellip;]<\/p>\n","protected":false},"author":1,"featured_media":0,"parent":0,"menu_order":0,"comment_status":"closed","ping_status":"closed","template":"","meta":{"footnotes":""},"class_list":["post-221","page","type-page","status-publish","hentry"],"_links":{"self":[{"href":"https:\/\/www.amicale-asnieres.fr\/index.php?rest_route=\/wp\/v2\/pages\/221","targetHints":{"allow":["GET"]}}],"collection":[{"href":"https:\/\/www.amicale-asnieres.fr\/index.php?rest_route=\/wp\/v2\/pages"}],"about":[{"href":"https:\/\/www.amicale-asnieres.fr\/index.php?rest_route=\/wp\/v2\/types\/page"}],"author":[{"embeddable":true,"href":"https:\/\/www.amicale-asnieres.fr\/index.php?rest_route=\/wp\/v2\/users\/1"}],"replies":[{"embeddable":true,"href":"https:\/\/www.amicale-asnieres.fr\/index.php?rest_route=%2Fwp%2Fv2%2Fcomments&post=221"}],"version-history":[{"count":53,"href":"https:\/\/www.amicale-asnieres.fr\/index.php?rest_route=\/wp\/v2\/pages\/221\/revisions"}],"predecessor-version":[{"id":14377,"href":"https:\/\/www.amicale-asnieres.fr\/index.php?rest_route=\/wp\/v2\/pages\/221\/revisions\/14377"}],"wp:attachment":[{"href":"https:\/\/www.amicale-asnieres.fr\/index.php?rest_route=%2Fwp%2Fv2%2Fmedia&parent=221"}],"curies":[{"name":"wp","href":"https:\/\/api.w.org\/{rel}","templated":true}]}}